{"id":49,"date":"2025-11-26T14:09:00","date_gmt":"2025-11-26T14:09:00","guid":{"rendered":"https:\/\/escolaconfessional.com\/?page_id=49"},"modified":"2026-02-24T10:29:28","modified_gmt":"2026-02-24T13:29:28","slug":"sobre-nos","status":"publish","type":"page","link":"https:\/\/escolaconfessional.com\/?page_id=49","title":{"rendered":"Sobre N\u00f3s"},"content":{"rendered":"\t\t<div data-elementor-type=\"wp-page\" data-elementor-id=\"49\" class=\"elementor elementor-49\" data-elementor-post-type=\"page\">\n\t\t\t\t<div class=\"elementor-element elementor-element-353f83f e-flex e-con-boxed e-con e-parent\" data-id=\"353f83f\" data-element_type=\"container\" data-e-type=\"container\">\n\t\t\t\t\t<div class=\"e-con-inner\">\n\t\t\t\t<div class=\"elementor-element elementor-element-0e1a741 elementor-widget elementor-widget-spacer\" data-id=\"0e1a741\" data-element_type=\"widget\" data-e-type=\"widget\" data-widget_type=\"spacer.default\">\n\t\t\t\t\t\t\t<div class=\"elementor-spacer\">\n\t\t\t<div class=\"elementor-spacer-inner\"><\/div>\n\t\t<\/div>\n\t\t\t\t\t\t<\/div>\n\t\t\t\t\t<\/div>\n\t\t\t\t<\/div>\n\t\t<div class=\"elementor-element elementor-element-d13988d e-con-full e-flex e-con e-parent\" data-id=\"d13988d\" data-element_type=\"container\" data-e-type=\"container\">\n\t\t\t\t<div class=\"elementor-element elementor-element-c2afbe4 elementor-widget elementor-widget-image\" data-id=\"c2afbe4\" data-element_type=\"widget\" data-e-type=\"widget\" data-widget_type=\"image.default\">\n\t\t\t\t\t\t\t\t\t\t\t\t\t\t\t<img fetchpriority=\"high\" decoding=\"async\" width=\"1920\" height=\"780\" src=\"https:\/\/escolaconfessional.com\/wp-content\/uploads\/2026\/02\/BANNER-SITE-.png\" class=\"attachment-full size-full wp-image-684\" alt=\"\" srcset=\"https:\/\/escolaconfessional.com\/wp-content\/uploads\/2026\/02\/BANNER-SITE-.png 1920w, https:\/\/escolaconfessional.com\/wp-content\/uploads\/2026\/02\/BANNER-SITE--300x122.png 300w, https:\/\/escolaconfessional.com\/wp-content\/uploads\/2026\/02\/BANNER-SITE--1024x416.png 1024w, https:\/\/escolaconfessional.com\/wp-content\/uploads\/2026\/02\/BANNER-SITE--768x312.png 768w, https:\/\/escolaconfessional.com\/wp-content\/uploads\/2026\/02\/BANNER-SITE--1536x624.png 1536w\" sizes=\"(max-width: 1920px) 100vw, 1920px\" \/>\t\t\t\t\t\t\t\t\t\t\t\t\t\t\t<\/div>\n\t\t\t\t<\/div>\n\t\t<div class=\"elementor-element elementor-element-c9f356a e-flex e-con-boxed e-con e-parent\" data-id=\"c9f356a\" data-element_type=\"container\" data-e-type=\"container\">\n\t\t\t\t\t<div class=\"e-con-inner\">\n\t\t\t\t<div class=\"elementor-element elementor-element-5752eea elementor-widget elementor-widget-spacer\" data-id=\"5752eea\" data-element_type=\"widget\" data-e-type=\"widget\" data-widget_type=\"spacer.default\">\n\t\t\t\t\t\t\t<div class=\"elementor-spacer\">\n\t\t\t<div class=\"elementor-spacer-inner\"><\/div>\n\t\t<\/div>\n\t\t\t\t\t\t<\/div>\n\t\t\t\t\t<\/div>\n\t\t\t\t<\/div>\n\t\t<div class=\"elementor-element elementor-element-0302bc0 e-flex e-con-boxed e-con e-parent\" data-id=\"0302bc0\" data-element_type=\"container\" data-e-type=\"container\">\n\t\t\t\t\t<div class=\"e-con-inner\">\n\t\t\t\t<div class=\"elementor-element elementor-element-f79cbfc elementor-widget__width-inherit elementor-widget elementor-widget-text-editor\" data-id=\"f79cbfc\" data-element_type=\"widget\" data-e-type=\"widget\" data-widget_type=\"text-editor.default\">\n\t\t\t\t\t\t\t\t\t<article class=\"text-token-text-primary w-full focus:outline-none [--shadow-height:45px] has-data-writing-block:pointer-events-none has-data-writing-block:-mt-(--shadow-height) has-data-writing-block:pt-(--shadow-height) [&amp;:has([data-writing-block])&gt;*]:pointer-events-auto scroll-mt-[calc(var(--header-height)+min(200px,max(70px,20svh)))]\" dir=\"auto\" tabindex=\"-1\" data-turn-id=\"request-WEB:e4feac15-2986-4aad-adc0-85944985fb86-5\" data-testid=\"conversation-turn-12\" data-scroll-anchor=\"true\" data-turn=\"assistant\"><h3 data-start=\"466\" data-end=\"509\"><strong data-start=\"470\" data-end=\"509\">O legado que nos trouxe at\u00e9 aqui<\/strong><\/h3><div class=\"text-base my-auto mx-auto pb-10 [--thread-content-margin:--spacing(4)] thread-sm:[--thread-content-margin:--spacing(6)] thread-lg:[--thread-content-margin:--spacing(16)] px-(--thread-content-margin)\"><div class=\"[--thread-content-max-width:40rem] thread-lg:[--thread-content-max-width:48rem] mx-auto max-w-(--thread-content-max-width) flex-1 group\/turn-messages focus-visible:outline-hidden relative flex w-full min-w-0 flex-col agent-turn\" tabindex=\"-1\"><div class=\"flex max-w-full flex-col grow\"><div class=\"min-h-8 text-message relative flex w-full flex-col items-end gap-2 text-start break-words whitespace-normal [.text-message+&amp;]:mt-1\" dir=\"auto\" data-message-author-role=\"assistant\" data-message-id=\"df3a3b92-cb87-4e44-a3d4-fa161db7a51f\" data-message-model-slug=\"gpt-5-1\"><div class=\"flex w-full flex-col gap-1 empty:hidden first:pt-[1px]\"><div class=\"markdown prose dark:prose-invert w-full break-words dark markdown-new-styling\"><p data-start=\"201\" data-end=\"634\">Antes de ser escola, foi um sonho. Um desejo simples e profundo: criar um lugar seguro, acolhedor e \u00edntegro para as crian\u00e7as, onde cada fam\u00edlia se sentisse acolhida e respeitada em sua rotina. A nossa hist\u00f3ria come\u00e7ou h\u00e1 37 anos, quando Dona Em\u00edlia e Jos\u00e9 Pires, pais da nossa diretora, Ang\u00e9lica Pires, transformaram esse sonho em realidade acreditando no valor de ensinar com amor, responsabilidade e olhar humano para cada crian\u00e7a.<\/p><p data-start=\"636\" data-end=\"1180\">Desde o in\u00edcio, o per\u00edodo integral n\u00e3o foi apenas um servi\u00e7o, mas um cuidado com a vida das fam\u00edlias. A proposta sempre foi oferecer um espa\u00e7o onde os filhos fossem bem cuidados, educados com qualidade e formados em valores, enquanto os pais pudessem trabalhar com tranquilidade. Ao longo dos anos, f\u00e9, cuidado, ensino e acolhimento caminharam juntos em nossa escola. Mais do que ensinar conte\u00fados, sempre tivemos o prop\u00f3sito de acompanhar a crian\u00e7a em seu crescimento humano, acad\u00eamico e espiritual \u2014 uma ess\u00eancia que permanece firme at\u00e9 hoje.<\/p><p data-start=\"1182\" data-end=\"1593\">H\u00e1 18 anos, Ang\u00e9lica e Andson assumiram a miss\u00e3o de dar continuidade a esse legado, conduzindo nossa escola com o mesmo cuidado de origem e mantendo o que sempre foi essencial: proximidade com as fam\u00edlias, valores s\u00f3lidos e aten\u00e7\u00e3o individual a cada aluno. O tempo trouxe novas estruturas, novos projetos e novas possibilidades, mas o crescimento nunca significou perder nossa ess\u00eancia. Significou fortalec\u00ea-la.<\/p><p data-start=\"1595\" data-end=\"1970\" data-is-last-node=\"\" data-is-only-node=\"\">Em cada decis\u00e3o e em cada unidade que nasceu, buscamos servir melhor as fam\u00edlias, cuidar das crian\u00e7as com ainda mais qualidade e fazer da nossa escola um espa\u00e7o onde a vida acontece todos os dias, com verdade e responsabilidade. Hoje, seguimos firmes na hist\u00f3ria que come\u00e7ou h\u00e1 37 anos, honrando o legado que recebemos e mantendo viva a tradi\u00e7\u00e3o que escolhemos levar adiante.<\/p><\/div><\/div><\/div><\/div><\/div><\/div><\/article>\t\t\t\t\t\t\t\t<\/div>\n\t\t\t\t\t<\/div>\n\t\t\t\t<\/div>\n\t\t<div class=\"elementor-element elementor-element-f06aac0 e-flex e-con-boxed e-con e-parent\" data-id=\"f06aac0\" data-element_type=\"container\" data-e-type=\"container\">\n\t\t\t\t\t<div class=\"e-con-inner\">\n\t\t\t\t<div class=\"elementor-element elementor-element-3652700 elementor-widget elementor-widget-spacer\" data-id=\"3652700\" data-element_type=\"widget\" data-e-type=\"widget\" data-widget_type=\"spacer.default\">\n\t\t\t\t\t\t\t<div class=\"elementor-spacer\">\n\t\t\t<div class=\"elementor-spacer-inner\"><\/div>\n\t\t<\/div>\n\t\t\t\t\t\t<\/div>\n\t\t\t\t\t<\/div>\n\t\t\t\t<\/div>\n\t\t\t\t<\/div>\n\t\t","protected":false},"excerpt":{"rendered":"<p>O legado que nos trouxe at\u00e9 aqui Antes de ser escola, foi um sonho. Um desejo simples e profundo: criar um lugar seguro, acolhedor e \u00edntegro para as crian\u00e7as, onde cada fam\u00edlia se sentisse acolhida e respeitada em sua rotina. A nossa hist\u00f3ria come\u00e7ou h\u00e1 37 anos, quando Dona Em\u00edlia e Jos\u00e9 Pires, pais da [&hellip;]<\/p>\n","protected":false},"author":1,"featured_media":0,"parent":0,"menu_order":0,"comment_status":"closed","ping_status":"closed","template":"elementor_header_footer","meta":{"footnotes":""},"class_list":["post-49","page","type-page","status-publish","hentry"],"_links":{"self":[{"href":"https:\/\/escolaconfessional.com\/index.php?rest_route=\/wp\/v2\/pages\/49","targetHints":{"allow":["GET"]}}],"collection":[{"href":"https:\/\/escolaconfessional.com\/index.php?rest_route=\/wp\/v2\/pages"}],"about":[{"href":"https:\/\/escolaconfessional.com\/index.php?rest_route=\/wp\/v2\/types\/page"}],"author":[{"embeddable":true,"href":"https:\/\/escolaconfessional.com\/index.php?rest_route=\/wp\/v2\/users\/1"}],"replies":[{"embeddable":true,"href":"https:\/\/escolaconfessional.com\/index.php?rest_route=%2Fwp%2Fv2%2Fcomments&post=49"}],"version-history":[{"count":34,"href":"https:\/\/escolaconfessional.com\/index.php?rest_route=\/wp\/v2\/pages\/49\/revisions"}],"predecessor-version":[{"id":690,"href":"https:\/\/escolaconfessional.com\/index.php?rest_route=\/wp\/v2\/pages\/49\/revisions\/690"}],"wp:attachment":[{"href":"https:\/\/escolaconfessional.com\/index.php?rest_route=%2Fwp%2Fv2%2Fmedia&parent=49"}],"curies":[{"name":"wp","href":"https:\/\/api.w.org\/{rel}","templated":true}]}}