{"id":51,"date":"2025-11-26T14:09:33","date_gmt":"2025-11-26T14:09:33","guid":{"rendered":"https:\/\/escolaconfessional.com\/?page_id=51"},"modified":"2025-12-10T17:58:42","modified_gmt":"2025-12-10T20:58:42","slug":"ensino","status":"publish","type":"page","link":"https:\/\/escolaconfessional.com\/?page_id=51","title":{"rendered":"Ensino"},"content":{"rendered":"\t\t<div data-elementor-type=\"wp-page\" data-elementor-id=\"51\" class=\"elementor elementor-51\" data-elementor-post-type=\"page\">\n\t\t\t\t<div class=\"elementor-element elementor-element-68b70b8 e-flex e-con-boxed e-con e-parent\" data-id=\"68b70b8\" data-element_type=\"container\" data-e-type=\"container\">\n\t\t\t\t\t<div class=\"e-con-inner\">\n\t\t\t\t<div class=\"elementor-element elementor-element-acdd441 elementor-widget elementor-widget-spacer\" data-id=\"acdd441\" data-element_type=\"widget\" data-e-type=\"widget\" data-widget_type=\"spacer.default\">\n\t\t\t\t\t\t\t<div class=\"elementor-spacer\">\n\t\t\t<div class=\"elementor-spacer-inner\"><\/div>\n\t\t<\/div>\n\t\t\t\t\t\t<\/div>\n\t\t\t\t<div class=\"elementor-element elementor-element-6f6eee5 elementor-widget__width-initial elementor-widget elementor-widget-text-editor\" data-id=\"6f6eee5\" data-element_type=\"widget\" data-e-type=\"widget\" data-widget_type=\"text-editor.default\">\n\t\t\t\t\t\t\t\t\t<p style=\"padding-left: 40px;\">Em nossa escola, o ensino \u00e9 guiado pela f\u00e9, pela excel\u00eancia acad\u00eamica e pelo cuidado integral com cada estudante. N\u00f3s acreditamos que aprender \u00e9 um caminho que envolve cora\u00e7\u00e3o, mente e prop\u00f3sito, por isso unimos forma\u00e7\u00e3o humana, valores crist\u00e3os e materiais pedag\u00f3gicos de refer\u00eancia para acompanhar nossos alunos desde a <strong data-start=\"522\" data-end=\"543\">Educa\u00e7\u00e3o Infantil<\/strong> at\u00e9 o <strong>Ensino M\u00e9dio.<\/strong> Trabalhamos com propostas que valorizam autonomia, responsabilidade e experi\u00eancias significativas, sempre em parceria com as fam\u00edlias e com um olhar atento ao desenvolvimento individual. Nossa miss\u00e3o \u00e9 formar pessoas competentes, conscientes e seguras de sua identidade, preparadas para viver com f\u00e9 e transformar o mundo ao seu redor.<\/p>\t\t\t\t\t\t\t\t<\/div>\n\t\t\t\t<div class=\"elementor-element elementor-element-d74b9c6 elementor-widget elementor-widget-spacer\" data-id=\"d74b9c6\" data-element_type=\"widget\" data-e-type=\"widget\" data-widget_type=\"spacer.default\">\n\t\t\t\t\t\t\t<div class=\"elementor-spacer\">\n\t\t\t<div class=\"elementor-spacer-inner\"><\/div>\n\t\t<\/div>\n\t\t\t\t\t\t<\/div>\n\t\t\t\t\t<\/div>\n\t\t\t\t<\/div>\n\t\t<div class=\"elementor-element elementor-element-3e0175e e-con-full e-flex e-con e-parent\" data-id=\"3e0175e\" data-element_type=\"container\" data-e-type=\"container\" data-settings=\"{&quot;background_background&quot;:&quot;classic&quot;}\">\n\t\t\t\t<div class=\"elementor-element elementor-element-cb01ca2 elementor-grid-3 elementor-grid-tablet-2 elementor-grid-mobile-1 elementor-widget elementor-widget-loop-grid\" data-id=\"cb01ca2\" data-element_type=\"widget\" data-e-type=\"widget\" data-settings=\"{&quot;template_id&quot;:&quot;275&quot;,&quot;_skin&quot;:&quot;post&quot;,&quot;columns&quot;:&quot;3&quot;,&quot;columns_tablet&quot;:&quot;2&quot;,&quot;columns_mobile&quot;:&quot;1&quot;,&quot;edit_handle_selector&quot;:&quot;[data-elementor-type=\\&quot;loop-item\\&quot;]&quot;,&quot;row_gap&quot;:{&quot;unit&quot;:&quot;px&quot;,&quot;size&quot;:&quot;&quot;,&quot;sizes&quot;:[]},&quot;row_gap_tablet&quot;:{&quot;unit&quot;:&quot;px&quot;,&quot;size&quot;:&quot;&quot;,&quot;sizes&quot;:[]},&quot;row_gap_mobile&quot;:{&quot;unit&quot;:&quot;px&quot;,&quot;size&quot;:&quot;&quot;,&quot;sizes&quot;:[]}}\" data-widget_type=\"loop-grid.post\">\n\t\t\t\t<div class=\"elementor-widget-container\">\n\t\t\t\t\t\t\t<div class=\"elementor-loop-container elementor-grid\" role=\"list\">\n\t\t<style id=\"loop-275\">.elementor-275 .elementor-element.elementor-element-185d869{--display:flex;--min-height:0px;--flex-direction:column;--container-widget-width:calc( ( 1 - var( --container-widget-flex-grow ) ) * 100% );--container-widget-height:initial;--container-widget-flex-grow:0;--container-widget-align-self:initial;--flex-wrap-mobile:wrap;--justify-content:center;--align-items:center;--gap:20px 20px;--row-gap:20px;--column-gap:20px;}.elementor-widget-theme-post-featured-image .widget-image-caption{color:var( --e-global-color-text );font-family:var( --e-global-typography-text-font-family ), Sans-serif;font-weight:var( --e-global-typography-text-font-weight );}.elementor-275 .elementor-element.elementor-element-2743b20 img{border-style:groove;border-width:10px 10px 10px 10px;border-color:var( --e-global-color-primary );border-radius:50px 50px 50px 50px;}.elementor-275 .elementor-element.elementor-element-2743b20{margin:0px 0px calc(var(--kit-widget-spacing, 0px) + 0px) 0px;padding:0px 0px 0px 0px;width:100%;max-width:100%;}.elementor-widget-theme-post-title .elementor-heading-title{font-family:var( --e-global-typography-primary-font-family ), Sans-serif;font-size:var( --e-global-typography-primary-font-size );font-weight:var( --e-global-typography-primary-font-weight );color:var( --e-global-color-primary );}.elementor-275 .elementor-element.elementor-element-ca93ac4{text-align:center;width:100%;max-width:100%;box-shadow:0px 0px 10px 0px rgba(0, 0, 0, 0);}.elementor-275 .elementor-element.elementor-element-ca93ac4 .elementor-heading-title{font-family:\"Poppins\", Sans-serif;font-size:30px;font-weight:800;-webkit-text-stroke-color:#000;stroke:#000;text-shadow:0px 0px 10px rgba(0, 0, 0, 0);}.elementor-275 .elementor-element.elementor-element-ca93ac4 .elementor-heading-title a:hover, .elementor-275 .elementor-element.elementor-element-ca93ac4 .elementor-heading-title a:focus{color:var( --e-global-color-secondary );}.elementor-275 .elementor-element.elementor-element-ca93ac4 .elementor-heading-title a{transition-duration:0.5s;}.elementor-275 .elementor-element.elementor-element-ca93ac4.elementor-element{--align-self:center;}@media(max-width:1024px){.elementor-widget-theme-post-title .elementor-heading-title{font-size:var( --e-global-typography-primary-font-size );}}@media(max-width:767px){.elementor-widget-theme-post-title .elementor-heading-title{font-size:var( --e-global-typography-primary-font-size );}}<\/style>\t\t<div data-elementor-type=\"loop-item\" data-elementor-id=\"275\" class=\"elementor elementor-275 e-loop-item e-loop-item-266 post-266 ensino type-ensino status-publish has-post-thumbnail hentry\" data-elementor-post-type=\"elementor_library\" data-custom-edit-handle=\"1\">\n\t\t\t<div class=\"elementor-element elementor-element-185d869 e-flex e-con-boxed e-con e-parent\" data-id=\"185d869\" data-element_type=\"container\" data-e-type=\"container\">\n\t\t\t\t\t<div class=\"e-con-inner\">\n\t\t\t\t<div class=\"elementor-element elementor-element-2743b20 elementor-widget__width-inherit elementor-widget elementor-widget-theme-post-featured-image elementor-widget-image\" data-id=\"2743b20\" data-element_type=\"widget\" data-e-type=\"widget\" data-widget_type=\"theme-post-featured-image.default\">\n\t\t\t\t\t\t\t\t\t\t\t\t\t\t\t\t<a href=\"https:\/\/escolaconfessional.com\/?ensino=educacao-infantil\" target=\"_blank\">\n\t\t\t\t\t\t\t<img fetchpriority=\"high\" decoding=\"async\" width=\"1707\" height=\"2560\" src=\"https:\/\/escolaconfessional.com\/wp-content\/uploads\/2025\/12\/ARTE-monza-47-scaled.jpg\" class=\"attachment-full size-full wp-image-232\" alt=\"\" srcset=\"https:\/\/escolaconfessional.com\/wp-content\/uploads\/2025\/12\/ARTE-monza-47-scaled.jpg 1707w, https:\/\/escolaconfessional.com\/wp-content\/uploads\/2025\/12\/ARTE-monza-47-200x300.jpg 200w, https:\/\/escolaconfessional.com\/wp-content\/uploads\/2025\/12\/ARTE-monza-47-683x1024.jpg 683w, https:\/\/escolaconfessional.com\/wp-content\/uploads\/2025\/12\/ARTE-monza-47-768x1152.jpg 768w, https:\/\/escolaconfessional.com\/wp-content\/uploads\/2025\/12\/ARTE-monza-47-1024x1536.jpg 1024w, https:\/\/escolaconfessional.com\/wp-content\/uploads\/2025\/12\/ARTE-monza-47-1365x2048.jpg 1365w\" sizes=\"(max-width: 1707px) 100vw, 1707px\" \/>\t\t\t\t\t\t\t\t<\/a>\n\t\t\t\t\t\t\t\t\t\t\t\t\t\t\t<\/div>\n\t\t\t\t<div class=\"elementor-element elementor-element-ca93ac4 elementor-widget__width-inherit elementor-widget elementor-widget-theme-post-title elementor-page-title elementor-widget-heading\" data-id=\"ca93ac4\" data-element_type=\"widget\" data-e-type=\"widget\" data-widget_type=\"theme-post-title.default\">\n\t\t\t\t\t<h1 class=\"elementor-heading-title elementor-size-default\"><a href=\"https:\/\/escolaconfessional.com\/?ensino=educacao-infantil\" target=\"_blank\">Educa\u00e7\u00e3o Infantil<\/a><\/h1>\t\t\t\t<\/div>\n\t\t\t\t\t<\/div>\n\t\t\t\t<\/div>\n\t\t\t\t<\/div>\n\t\t\t\t<div data-elementor-type=\"loop-item\" data-elementor-id=\"275\" class=\"elementor elementor-275 e-loop-item e-loop-item-267 post-267 ensino type-ensino status-publish has-post-thumbnail hentry\" data-elementor-post-type=\"elementor_library\" data-custom-edit-handle=\"1\">\n\t\t\t<div class=\"elementor-element elementor-element-185d869 e-flex e-con-boxed e-con e-parent\" data-id=\"185d869\" data-element_type=\"container\" data-e-type=\"container\">\n\t\t\t\t\t<div class=\"e-con-inner\">\n\t\t\t\t<div class=\"elementor-element elementor-element-2743b20 elementor-widget__width-inherit elementor-widget elementor-widget-theme-post-featured-image elementor-widget-image\" data-id=\"2743b20\" data-element_type=\"widget\" data-e-type=\"widget\" data-widget_type=\"theme-post-featured-image.default\">\n\t\t\t\t\t\t\t\t\t\t\t\t\t\t\t\t<a href=\"https:\/\/escolaconfessional.com\/?ensino=fundamental\" target=\"_blank\">\n\t\t\t\t\t\t\t<img decoding=\"async\" width=\"1707\" height=\"2560\" src=\"https:\/\/escolaconfessional.com\/wp-content\/uploads\/2025\/12\/PAULO-VI-12-scaled.jpg\" class=\"attachment-full size-full wp-image-290\" alt=\"\" srcset=\"https:\/\/escolaconfessional.com\/wp-content\/uploads\/2025\/12\/PAULO-VI-12-scaled.jpg 1707w, https:\/\/escolaconfessional.com\/wp-content\/uploads\/2025\/12\/PAULO-VI-12-200x300.jpg 200w, https:\/\/escolaconfessional.com\/wp-content\/uploads\/2025\/12\/PAULO-VI-12-683x1024.jpg 683w, https:\/\/escolaconfessional.com\/wp-content\/uploads\/2025\/12\/PAULO-VI-12-768x1152.jpg 768w, https:\/\/escolaconfessional.com\/wp-content\/uploads\/2025\/12\/PAULO-VI-12-1024x1536.jpg 1024w, https:\/\/escolaconfessional.com\/wp-content\/uploads\/2025\/12\/PAULO-VI-12-1365x2048.jpg 1365w\" sizes=\"(max-width: 1707px) 100vw, 1707px\" \/>\t\t\t\t\t\t\t\t<\/a>\n\t\t\t\t\t\t\t\t\t\t\t\t\t\t\t<\/div>\n\t\t\t\t<div class=\"elementor-element elementor-element-ca93ac4 elementor-widget__width-inherit elementor-widget elementor-widget-theme-post-title elementor-page-title elementor-widget-heading\" data-id=\"ca93ac4\" data-element_type=\"widget\" data-e-type=\"widget\" data-widget_type=\"theme-post-title.default\">\n\t\t\t\t\t<h1 class=\"elementor-heading-title elementor-size-default\"><a href=\"https:\/\/escolaconfessional.com\/?ensino=fundamental\" target=\"_blank\">Ensino Fundamental<\/a><\/h1>\t\t\t\t<\/div>\n\t\t\t\t\t<\/div>\n\t\t\t\t<\/div>\n\t\t\t\t<\/div>\n\t\t\t\t<div data-elementor-type=\"loop-item\" data-elementor-id=\"275\" class=\"elementor elementor-275 e-loop-item e-loop-item-268 post-268 ensino type-ensino status-publish has-post-thumbnail hentry\" data-elementor-post-type=\"elementor_library\" data-custom-edit-handle=\"1\">\n\t\t\t<div class=\"elementor-element elementor-element-185d869 e-flex e-con-boxed e-con e-parent\" data-id=\"185d869\" data-element_type=\"container\" data-e-type=\"container\">\n\t\t\t\t\t<div class=\"e-con-inner\">\n\t\t\t\t<div class=\"elementor-element elementor-element-2743b20 elementor-widget__width-inherit elementor-widget elementor-widget-theme-post-featured-image elementor-widget-image\" data-id=\"2743b20\" data-element_type=\"widget\" data-e-type=\"widget\" data-widget_type=\"theme-post-featured-image.default\">\n\t\t\t\t\t\t\t\t\t\t\t\t\t\t\t\t<a href=\"https:\/\/escolaconfessional.com\/?ensino=ensino-medio\" target=\"_blank\">\n\t\t\t\t\t\t\t<img decoding=\"async\" width=\"1707\" height=\"2560\" src=\"https:\/\/escolaconfessional.com\/wp-content\/uploads\/2025\/12\/PAULO-VI-31-scaled.jpg\" class=\"attachment-full size-full wp-image-282\" alt=\"\" srcset=\"https:\/\/escolaconfessional.com\/wp-content\/uploads\/2025\/12\/PAULO-VI-31-scaled.jpg 1707w, https:\/\/escolaconfessional.com\/wp-content\/uploads\/2025\/12\/PAULO-VI-31-200x300.jpg 200w, https:\/\/escolaconfessional.com\/wp-content\/uploads\/2025\/12\/PAULO-VI-31-683x1024.jpg 683w, https:\/\/escolaconfessional.com\/wp-content\/uploads\/2025\/12\/PAULO-VI-31-768x1152.jpg 768w, https:\/\/escolaconfessional.com\/wp-content\/uploads\/2025\/12\/PAULO-VI-31-1024x1536.jpg 1024w, https:\/\/escolaconfessional.com\/wp-content\/uploads\/2025\/12\/PAULO-VI-31-1365x2048.jpg 1365w\" sizes=\"(max-width: 1707px) 100vw, 1707px\" \/>\t\t\t\t\t\t\t\t<\/a>\n\t\t\t\t\t\t\t\t\t\t\t\t\t\t\t<\/div>\n\t\t\t\t<div class=\"elementor-element elementor-element-ca93ac4 elementor-widget__width-inherit elementor-widget elementor-widget-theme-post-title elementor-page-title elementor-widget-heading\" data-id=\"ca93ac4\" data-element_type=\"widget\" data-e-type=\"widget\" data-widget_type=\"theme-post-title.default\">\n\t\t\t\t\t<h1 class=\"elementor-heading-title elementor-size-default\"><a href=\"https:\/\/escolaconfessional.com\/?ensino=ensino-medio\" target=\"_blank\">Ensino M\u00e9dio<\/a><\/h1>\t\t\t\t<\/div>\n\t\t\t\t\t<\/div>\n\t\t\t\t<\/div>\n\t\t\t\t<\/div>\n\t\t\t\t<\/div>\n\t\t\n\t\t\t\t\t\t<\/div>\n\t\t\t\t<\/div>\n\t\t\t\t<\/div>\n\t\t<div class=\"elementor-element elementor-element-b4d3fe6 e-flex e-con-boxed e-con e-parent\" data-id=\"b4d3fe6\" data-element_type=\"container\" data-e-type=\"container\">\n\t\t\t\t\t<div class=\"e-con-inner\">\n\t\t\t\t<div class=\"elementor-element elementor-element-0bf1dcd elementor-widget elementor-widget-spacer\" data-id=\"0bf1dcd\" data-element_type=\"widget\" data-e-type=\"widget\" data-widget_type=\"spacer.default\">\n\t\t\t\t\t\t\t<div class=\"elementor-spacer\">\n\t\t\t<div class=\"elementor-spacer-inner\"><\/div>\n\t\t<\/div>\n\t\t\t\t\t\t<\/div>\n\t\t\t\t\t<\/div>\n\t\t\t\t<\/div>\n\t\t\t\t<\/div>\n\t\t","protected":false},"excerpt":{"rendered":"<p>Em nossa escola, o ensino \u00e9 guiado pela f\u00e9, pela excel\u00eancia acad\u00eamica e pelo cuidado integral com cada estudante. N\u00f3s acreditamos que aprender \u00e9 um caminho que envolve cora\u00e7\u00e3o, mente e prop\u00f3sito, por isso unimos forma\u00e7\u00e3o humana, valores crist\u00e3os e materiais pedag\u00f3gicos de refer\u00eancia para acompanhar nossos alunos desde a Educa\u00e7\u00e3o Infantil at\u00e9 o Ensino [&hellip;]<\/p>\n","protected":false},"author":1,"featured_media":0,"parent":0,"menu_order":0,"comment_status":"closed","ping_status":"closed","template":"elementor_header_footer","meta":{"footnotes":""},"class_list":["post-51","page","type-page","status-publish","hentry"],"_links":{"self":[{"href":"https:\/\/escolaconfessional.com\/index.php?rest_route=\/wp\/v2\/pages\/51","targetHints":{"allow":["GET"]}}],"collection":[{"href":"https:\/\/escolaconfessional.com\/index.php?rest_route=\/wp\/v2\/pages"}],"about":[{"href":"https:\/\/escolaconfessional.com\/index.php?rest_route=\/wp\/v2\/types\/page"}],"author":[{"embeddable":true,"href":"https:\/\/escolaconfessional.com\/index.php?rest_route=\/wp\/v2\/users\/1"}],"replies":[{"embeddable":true,"href":"https:\/\/escolaconfessional.com\/index.php?rest_route=%2Fwp%2Fv2%2Fcomments&post=51"}],"version-history":[{"count":19,"href":"https:\/\/escolaconfessional.com\/index.php?rest_route=\/wp\/v2\/pages\/51\/revisions"}],"predecessor-version":[{"id":644,"href":"https:\/\/escolaconfessional.com\/index.php?rest_route=\/wp\/v2\/pages\/51\/revisions\/644"}],"wp:attachment":[{"href":"https:\/\/escolaconfessional.com\/index.php?rest_route=%2Fwp%2Fv2%2Fmedia&parent=51"}],"curies":[{"name":"wp","href":"https:\/\/api.w.org\/{rel}","templated":true}]}}