{"id":53,"date":"2025-11-26T14:09:57","date_gmt":"2025-11-26T14:09:57","guid":{"rendered":"https:\/\/escolaconfessional.com\/?page_id=53"},"modified":"2025-12-08T18:15:29","modified_gmt":"2025-12-08T21:15:29","slug":"diferenciais","status":"publish","type":"page","link":"https:\/\/escolaconfessional.com\/?page_id=53","title":{"rendered":"Diferenciais"},"content":{"rendered":"\t\t<div data-elementor-type=\"wp-page\" data-elementor-id=\"53\" class=\"elementor elementor-53\" data-elementor-post-type=\"page\">\n\t\t\t\t<div class=\"elementor-element elementor-element-55e2f79 e-flex e-con-boxed e-con e-parent\" data-id=\"55e2f79\" data-element_type=\"container\" data-e-type=\"container\">\n\t\t\t\t\t<div class=\"e-con-inner\">\n\t\t\t\t<div class=\"elementor-element elementor-element-fb7ef88 elementor-grid-3 elementor-grid-tablet-2 elementor-grid-mobile-1 elementor-widget elementor-widget-loop-grid\" data-id=\"fb7ef88\" data-element_type=\"widget\" data-e-type=\"widget\" data-settings=\"{&quot;template_id&quot;:&quot;527&quot;,&quot;_skin&quot;:&quot;post&quot;,&quot;columns&quot;:&quot;3&quot;,&quot;columns_tablet&quot;:&quot;2&quot;,&quot;columns_mobile&quot;:&quot;1&quot;,&quot;edit_handle_selector&quot;:&quot;[data-elementor-type=\\&quot;loop-item\\&quot;]&quot;,&quot;row_gap&quot;:{&quot;unit&quot;:&quot;px&quot;,&quot;size&quot;:&quot;&quot;,&quot;sizes&quot;:[]},&quot;row_gap_tablet&quot;:{&quot;unit&quot;:&quot;px&quot;,&quot;size&quot;:&quot;&quot;,&quot;sizes&quot;:[]},&quot;row_gap_mobile&quot;:{&quot;unit&quot;:&quot;px&quot;,&quot;size&quot;:&quot;&quot;,&quot;sizes&quot;:[]}}\" data-widget_type=\"loop-grid.post\">\n\t\t\t\t<div class=\"elementor-widget-container\">\n\t\t\t\t\t\t\t<div class=\"elementor-loop-container elementor-grid\" role=\"list\">\n\t\t<style id=\"loop-527\">.elementor-527 .elementor-element.elementor-element-46fa533{--display:flex;--flex-direction:column;--container-widget-width:100%;--container-widget-height:initial;--container-widget-flex-grow:0;--container-widget-align-self:initial;--flex-wrap-mobile:wrap;}.elementor-widget-theme-post-featured-image .widget-image-caption{color:var( --e-global-color-text );font-family:var( --e-global-typography-text-font-family ), Sans-serif;font-weight:var( --e-global-typography-text-font-weight );}.elementor-527 .elementor-element.elementor-element-608231b img{border-radius:10px 10px 10px 10px;}.elementor-widget-theme-post-title .elementor-heading-title{font-family:var( --e-global-typography-primary-font-family ), Sans-serif;font-size:var( --e-global-typography-primary-font-size );font-weight:var( --e-global-typography-primary-font-weight );color:var( --e-global-color-primary );}.elementor-527 .elementor-element.elementor-element-4a55bb1{text-align:center;padding:10px 10px 10px 10px;background-color:var( --e-global-color-primary );transition:background 0.1s;border-radius:10px 10px 10px 10px;}.elementor-527 .elementor-element.elementor-element-4a55bb1 .elementor-heading-title{font-family:\"Poppins\", Sans-serif;font-size:29px;font-weight:600;-webkit-text-stroke-color:#000;stroke:#000;color:var( --e-global-color-secondary );}@media(max-width:1024px){.elementor-widget-theme-post-title .elementor-heading-title{font-size:var( --e-global-typography-primary-font-size );}}@media(max-width:767px){.elementor-widget-theme-post-title .elementor-heading-title{font-size:var( --e-global-typography-primary-font-size );}}<\/style>\t\t<div data-elementor-type=\"loop-item\" data-elementor-id=\"527\" class=\"elementor elementor-527 e-loop-item e-loop-item-537 post-537 diferencial type-diferencial status-publish has-post-thumbnail hentry\" data-elementor-post-type=\"elementor_library\" data-custom-edit-handle=\"1\">\n\t\t\t<div class=\"elementor-element elementor-element-46fa533 e-con-full e-flex e-con e-parent\" data-id=\"46fa533\" data-element_type=\"container\" data-e-type=\"container\">\n\t\t\t\t<div class=\"elementor-element elementor-element-608231b elementor-widget elementor-widget-theme-post-featured-image elementor-widget-image\" data-id=\"608231b\" data-element_type=\"widget\" data-e-type=\"widget\" data-widget_type=\"theme-post-featured-image.default\">\n\t\t\t\t\t\t\t\t\t\t\t\t\t\t\t\t<a href=\"https:\/\/escolaconfessional.com\/wp-content\/uploads\/2025\/12\/1.png\" data-elementor-open-lightbox=\"yes\" data-elementor-lightbox-title=\"1\" data-e-action-hash=\"#elementor-action%3Aaction%3Dlightbox%26settings%3DeyJpZCI6NTYwLCJ1cmwiOiJodHRwczpcL1wvZXNjb2xhY29uZmVzc2lvbmFsLmNvbVwvd3AtY29udGVudFwvdXBsb2Fkc1wvMjAyNVwvMTJcLzEucG5nIn0%3D\">\n\t\t\t\t\t\t\t<img fetchpriority=\"high\" decoding=\"async\" width=\"1080\" height=\"1350\" src=\"https:\/\/escolaconfessional.com\/wp-content\/uploads\/2025\/12\/1.png\" class=\"attachment-full size-full wp-image-560\" alt=\"\" srcset=\"https:\/\/escolaconfessional.com\/wp-content\/uploads\/2025\/12\/1.png 1080w, https:\/\/escolaconfessional.com\/wp-content\/uploads\/2025\/12\/1-240x300.png 240w, https:\/\/escolaconfessional.com\/wp-content\/uploads\/2025\/12\/1-819x1024.png 819w, https:\/\/escolaconfessional.com\/wp-content\/uploads\/2025\/12\/1-768x960.png 768w\" sizes=\"(max-width: 1080px) 100vw, 1080px\" \/>\t\t\t\t\t\t\t\t<\/a>\n\t\t\t\t\t\t\t\t\t\t\t\t\t\t\t<\/div>\n\t\t\t\t<div class=\"elementor-element elementor-element-4a55bb1 elementor-widget elementor-widget-theme-post-title elementor-page-title elementor-widget-heading\" data-id=\"4a55bb1\" data-element_type=\"widget\" data-e-type=\"widget\" data-widget_type=\"theme-post-title.default\">\n\t\t\t\t\t<h1 class=\"elementor-heading-title elementor-size-default\"><a href=\"https:\/\/escolaconfessional.com\/?diferencial=cooking-class\" target=\"_blank\">Cooking Class<\/a><\/h1>\t\t\t\t<\/div>\n\t\t\t\t<\/div>\n\t\t\t\t<\/div>\n\t\t\t\t<div data-elementor-type=\"loop-item\" data-elementor-id=\"527\" class=\"elementor elementor-527 e-loop-item e-loop-item-536 post-536 diferencial type-diferencial status-publish has-post-thumbnail hentry\" data-elementor-post-type=\"elementor_library\" data-custom-edit-handle=\"1\">\n\t\t\t<div class=\"elementor-element elementor-element-46fa533 e-con-full e-flex e-con e-parent\" data-id=\"46fa533\" data-element_type=\"container\" data-e-type=\"container\">\n\t\t\t\t<div class=\"elementor-element elementor-element-608231b elementor-widget elementor-widget-theme-post-featured-image elementor-widget-image\" data-id=\"608231b\" data-element_type=\"widget\" data-e-type=\"widget\" data-widget_type=\"theme-post-featured-image.default\">\n\t\t\t\t\t\t\t\t\t\t\t\t\t\t\t\t<a href=\"https:\/\/escolaconfessional.com\/wp-content\/uploads\/2025\/12\/5.png\" data-elementor-open-lightbox=\"yes\" data-elementor-lightbox-title=\"5\" data-e-action-hash=\"#elementor-action%3Aaction%3Dlightbox%26settings%3DeyJpZCI6NTY0LCJ1cmwiOiJodHRwczpcL1wvZXNjb2xhY29uZmVzc2lvbmFsLmNvbVwvd3AtY29udGVudFwvdXBsb2Fkc1wvMjAyNVwvMTJcLzUucG5nIn0%3D\">\n\t\t\t\t\t\t\t<img decoding=\"async\" width=\"1080\" height=\"1350\" src=\"https:\/\/escolaconfessional.com\/wp-content\/uploads\/2025\/12\/5.png\" class=\"attachment-full size-full wp-image-564\" alt=\"\" srcset=\"https:\/\/escolaconfessional.com\/wp-content\/uploads\/2025\/12\/5.png 1080w, https:\/\/escolaconfessional.com\/wp-content\/uploads\/2025\/12\/5-240x300.png 240w, https:\/\/escolaconfessional.com\/wp-content\/uploads\/2025\/12\/5-819x1024.png 819w, https:\/\/escolaconfessional.com\/wp-content\/uploads\/2025\/12\/5-768x960.png 768w\" sizes=\"(max-width: 1080px) 100vw, 1080px\" \/>\t\t\t\t\t\t\t\t<\/a>\n\t\t\t\t\t\t\t\t\t\t\t\t\t\t\t<\/div>\n\t\t\t\t<div class=\"elementor-element elementor-element-4a55bb1 elementor-widget elementor-widget-theme-post-title elementor-page-title elementor-widget-heading\" data-id=\"4a55bb1\" data-element_type=\"widget\" data-e-type=\"widget\" data-widget_type=\"theme-post-title.default\">\n\t\t\t\t\t<h1 class=\"elementor-heading-title elementor-size-default\"><a href=\"https:\/\/escolaconfessional.com\/?diferencial=educacao-financeira\" target=\"_blank\">Educa\u00e7\u00e3o Financeira<\/a><\/h1>\t\t\t\t<\/div>\n\t\t\t\t<\/div>\n\t\t\t\t<\/div>\n\t\t\t\t<div data-elementor-type=\"loop-item\" data-elementor-id=\"527\" class=\"elementor elementor-527 e-loop-item e-loop-item-534 post-534 diferencial type-diferencial status-publish has-post-thumbnail hentry\" data-elementor-post-type=\"elementor_library\" data-custom-edit-handle=\"1\">\n\t\t\t<div class=\"elementor-element elementor-element-46fa533 e-con-full e-flex e-con e-parent\" data-id=\"46fa533\" data-element_type=\"container\" data-e-type=\"container\">\n\t\t\t\t<div class=\"elementor-element elementor-element-608231b elementor-widget elementor-widget-theme-post-featured-image elementor-widget-image\" data-id=\"608231b\" data-element_type=\"widget\" data-e-type=\"widget\" data-widget_type=\"theme-post-featured-image.default\">\n\t\t\t\t\t\t\t\t\t\t\t\t\t\t\t\t<a href=\"https:\/\/escolaconfessional.com\/wp-content\/uploads\/2025\/12\/6-1.png\" data-elementor-open-lightbox=\"yes\" data-elementor-lightbox-title=\"6\" data-e-action-hash=\"#elementor-action%3Aaction%3Dlightbox%26settings%3DeyJpZCI6NTY3LCJ1cmwiOiJodHRwczpcL1wvZXNjb2xhY29uZmVzc2lvbmFsLmNvbVwvd3AtY29udGVudFwvdXBsb2Fkc1wvMjAyNVwvMTJcLzYtMS5wbmcifQ%3D%3D\">\n\t\t\t\t\t\t\t<img decoding=\"async\" width=\"1080\" height=\"1350\" src=\"https:\/\/escolaconfessional.com\/wp-content\/uploads\/2025\/12\/6-1.png\" class=\"attachment-full size-full wp-image-567\" alt=\"\" srcset=\"https:\/\/escolaconfessional.com\/wp-content\/uploads\/2025\/12\/6-1.png 1080w, https:\/\/escolaconfessional.com\/wp-content\/uploads\/2025\/12\/6-1-240x300.png 240w, https:\/\/escolaconfessional.com\/wp-content\/uploads\/2025\/12\/6-1-819x1024.png 819w, https:\/\/escolaconfessional.com\/wp-content\/uploads\/2025\/12\/6-1-768x960.png 768w\" sizes=\"(max-width: 1080px) 100vw, 1080px\" \/>\t\t\t\t\t\t\t\t<\/a>\n\t\t\t\t\t\t\t\t\t\t\t\t\t\t\t<\/div>\n\t\t\t\t<div class=\"elementor-element elementor-element-4a55bb1 elementor-widget elementor-widget-theme-post-title elementor-page-title elementor-widget-heading\" data-id=\"4a55bb1\" data-element_type=\"widget\" data-e-type=\"widget\" data-widget_type=\"theme-post-title.default\">\n\t\t\t\t\t<h1 class=\"elementor-heading-title elementor-size-default\"><a href=\"https:\/\/escolaconfessional.com\/?diferencial=robotica-lego\" target=\"_blank\">Rob\u00f3tica Lego<\/a><\/h1>\t\t\t\t<\/div>\n\t\t\t\t<\/div>\n\t\t\t\t<\/div>\n\t\t\t\t<div data-elementor-type=\"loop-item\" data-elementor-id=\"527\" class=\"elementor elementor-527 e-loop-item e-loop-item-533 post-533 diferencial type-diferencial status-publish has-post-thumbnail hentry\" data-elementor-post-type=\"elementor_library\" data-custom-edit-handle=\"1\">\n\t\t\t<div class=\"elementor-element elementor-element-46fa533 e-con-full e-flex e-con e-parent\" data-id=\"46fa533\" data-element_type=\"container\" data-e-type=\"container\">\n\t\t\t\t<div class=\"elementor-element elementor-element-608231b elementor-widget elementor-widget-theme-post-featured-image elementor-widget-image\" data-id=\"608231b\" data-element_type=\"widget\" data-e-type=\"widget\" data-widget_type=\"theme-post-featured-image.default\">\n\t\t\t\t\t\t\t\t\t\t\t\t\t\t\t\t<a href=\"https:\/\/escolaconfessional.com\/wp-content\/uploads\/2025\/12\/DIFERENCIAIS-CONFESSIONAL-.png\" data-elementor-open-lightbox=\"yes\" data-elementor-lightbox-title=\"DIFERENCIAIS CONFESSIONAL\" data-e-action-hash=\"#elementor-action%3Aaction%3Dlightbox%26settings%3DeyJpZCI6NTY5LCJ1cmwiOiJodHRwczpcL1wvZXNjb2xhY29uZmVzc2lvbmFsLmNvbVwvd3AtY29udGVudFwvdXBsb2Fkc1wvMjAyNVwvMTJcL0RJRkVSRU5DSUFJUy1DT05GRVNTSU9OQUwtLnBuZyJ9\">\n\t\t\t\t\t\t\t<img loading=\"lazy\" decoding=\"async\" width=\"1080\" height=\"1350\" src=\"https:\/\/escolaconfessional.com\/wp-content\/uploads\/2025\/12\/DIFERENCIAIS-CONFESSIONAL-.png\" class=\"attachment-full size-full wp-image-569\" alt=\"\" srcset=\"https:\/\/escolaconfessional.com\/wp-content\/uploads\/2025\/12\/DIFERENCIAIS-CONFESSIONAL-.png 1080w, https:\/\/escolaconfessional.com\/wp-content\/uploads\/2025\/12\/DIFERENCIAIS-CONFESSIONAL--240x300.png 240w, https:\/\/escolaconfessional.com\/wp-content\/uploads\/2025\/12\/DIFERENCIAIS-CONFESSIONAL--819x1024.png 819w, https:\/\/escolaconfessional.com\/wp-content\/uploads\/2025\/12\/DIFERENCIAIS-CONFESSIONAL--768x960.png 768w\" sizes=\"(max-width: 1080px) 100vw, 1080px\" \/>\t\t\t\t\t\t\t\t<\/a>\n\t\t\t\t\t\t\t\t\t\t\t\t\t\t\t<\/div>\n\t\t\t\t<div class=\"elementor-element elementor-element-4a55bb1 elementor-widget elementor-widget-theme-post-title elementor-page-title elementor-widget-heading\" data-id=\"4a55bb1\" data-element_type=\"widget\" data-e-type=\"widget\" data-widget_type=\"theme-post-title.default\">\n\t\t\t\t\t<h1 class=\"elementor-heading-title elementor-size-default\"><a href=\"https:\/\/escolaconfessional.com\/?diferencial=inteligencia-emocional\" target=\"_blank\">Intelig\u00eancia Emocional<\/a><\/h1>\t\t\t\t<\/div>\n\t\t\t\t<\/div>\n\t\t\t\t<\/div>\n\t\t\t\t<div data-elementor-type=\"loop-item\" data-elementor-id=\"527\" class=\"elementor elementor-527 e-loop-item e-loop-item-532 post-532 diferencial type-diferencial status-publish has-post-thumbnail hentry\" data-elementor-post-type=\"elementor_library\" data-custom-edit-handle=\"1\">\n\t\t\t<div class=\"elementor-element elementor-element-46fa533 e-con-full e-flex e-con e-parent\" data-id=\"46fa533\" data-element_type=\"container\" data-e-type=\"container\">\n\t\t\t\t<div class=\"elementor-element elementor-element-608231b elementor-widget elementor-widget-theme-post-featured-image elementor-widget-image\" data-id=\"608231b\" data-element_type=\"widget\" data-e-type=\"widget\" data-widget_type=\"theme-post-featured-image.default\">\n\t\t\t\t\t\t\t\t\t\t\t\t\t\t\t\t<a href=\"https:\/\/escolaconfessional.com\/wp-content\/uploads\/2025\/12\/3.png\" data-elementor-open-lightbox=\"yes\" data-elementor-lightbox-title=\"3\" data-e-action-hash=\"#elementor-action%3Aaction%3Dlightbox%26settings%3DeyJpZCI6NTYyLCJ1cmwiOiJodHRwczpcL1wvZXNjb2xhY29uZmVzc2lvbmFsLmNvbVwvd3AtY29udGVudFwvdXBsb2Fkc1wvMjAyNVwvMTJcLzMucG5nIn0%3D\">\n\t\t\t\t\t\t\t<img loading=\"lazy\" decoding=\"async\" width=\"1080\" height=\"1350\" src=\"https:\/\/escolaconfessional.com\/wp-content\/uploads\/2025\/12\/3.png\" class=\"attachment-full size-full wp-image-562\" alt=\"\" srcset=\"https:\/\/escolaconfessional.com\/wp-content\/uploads\/2025\/12\/3.png 1080w, https:\/\/escolaconfessional.com\/wp-content\/uploads\/2025\/12\/3-240x300.png 240w, https:\/\/escolaconfessional.com\/wp-content\/uploads\/2025\/12\/3-819x1024.png 819w, https:\/\/escolaconfessional.com\/wp-content\/uploads\/2025\/12\/3-768x960.png 768w\" sizes=\"(max-width: 1080px) 100vw, 1080px\" \/>\t\t\t\t\t\t\t\t<\/a>\n\t\t\t\t\t\t\t\t\t\t\t\t\t\t\t<\/div>\n\t\t\t\t<div class=\"elementor-element elementor-element-4a55bb1 elementor-widget elementor-widget-theme-post-title elementor-page-title elementor-widget-heading\" data-id=\"4a55bb1\" data-element_type=\"widget\" data-e-type=\"widget\" data-widget_type=\"theme-post-title.default\">\n\t\t\t\t\t<h1 class=\"elementor-heading-title elementor-size-default\"><a href=\"https:\/\/escolaconfessional.com\/?diferencial=ensino-bilingue\" target=\"_blank\">Ensino Bil\u00edngue<\/a><\/h1>\t\t\t\t<\/div>\n\t\t\t\t<\/div>\n\t\t\t\t<\/div>\n\t\t\t\t<div data-elementor-type=\"loop-item\" data-elementor-id=\"527\" class=\"elementor elementor-527 e-loop-item e-loop-item-531 post-531 diferencial type-diferencial status-publish has-post-thumbnail hentry\" data-elementor-post-type=\"elementor_library\" data-custom-edit-handle=\"1\">\n\t\t\t<div class=\"elementor-element elementor-element-46fa533 e-con-full e-flex e-con e-parent\" data-id=\"46fa533\" data-element_type=\"container\" data-e-type=\"container\">\n\t\t\t\t<div class=\"elementor-element elementor-element-608231b elementor-widget elementor-widget-theme-post-featured-image elementor-widget-image\" data-id=\"608231b\" data-element_type=\"widget\" data-e-type=\"widget\" data-widget_type=\"theme-post-featured-image.default\">\n\t\t\t\t\t\t\t\t\t\t\t\t\t\t\t\t<a href=\"https:\/\/escolaconfessional.com\/wp-content\/uploads\/2025\/12\/2-1.png\" data-elementor-open-lightbox=\"yes\" data-elementor-lightbox-title=\"2\" data-e-action-hash=\"#elementor-action%3Aaction%3Dlightbox%26settings%3DeyJpZCI6NTY4LCJ1cmwiOiJodHRwczpcL1wvZXNjb2xhY29uZmVzc2lvbmFsLmNvbVwvd3AtY29udGVudFwvdXBsb2Fkc1wvMjAyNVwvMTJcLzItMS5wbmcifQ%3D%3D\">\n\t\t\t\t\t\t\t<img loading=\"lazy\" decoding=\"async\" width=\"1080\" height=\"1350\" src=\"https:\/\/escolaconfessional.com\/wp-content\/uploads\/2025\/12\/2-1.png\" class=\"attachment-full size-full wp-image-568\" alt=\"\" srcset=\"https:\/\/escolaconfessional.com\/wp-content\/uploads\/2025\/12\/2-1.png 1080w, https:\/\/escolaconfessional.com\/wp-content\/uploads\/2025\/12\/2-1-240x300.png 240w, https:\/\/escolaconfessional.com\/wp-content\/uploads\/2025\/12\/2-1-819x1024.png 819w, https:\/\/escolaconfessional.com\/wp-content\/uploads\/2025\/12\/2-1-768x960.png 768w\" sizes=\"(max-width: 1080px) 100vw, 1080px\" \/>\t\t\t\t\t\t\t\t<\/a>\n\t\t\t\t\t\t\t\t\t\t\t\t\t\t\t<\/div>\n\t\t\t\t<div class=\"elementor-element elementor-element-4a55bb1 elementor-widget elementor-widget-theme-post-title elementor-page-title elementor-widget-heading\" data-id=\"4a55bb1\" data-element_type=\"widget\" data-e-type=\"widget\" data-widget_type=\"theme-post-title.default\">\n\t\t\t\t\t<h1 class=\"elementor-heading-title elementor-size-default\"><a href=\"https:\/\/escolaconfessional.com\/?diferencial=educacao-catolica\" target=\"_blank\">Educa\u00e7\u00e3o Cat\u00f3lica<\/a><\/h1>\t\t\t\t<\/div>\n\t\t\t\t<\/div>\n\t\t\t\t<\/div>\n\t\t\t\t<\/div>\n\t\t\n\t\t\t\t\t\t<\/div>\n\t\t\t\t<\/div>\n\t\t\t\t\t<\/div>\n\t\t\t\t<\/div>\n\t\t<div class=\"elementor-element elementor-element-26aa0bf e-flex e-con-boxed e-con e-parent\" data-id=\"26aa0bf\" data-element_type=\"container\" data-e-type=\"container\">\n\t\t\t\t\t<div class=\"e-con-inner\">\n\t\t\t\t<div class=\"elementor-element elementor-element-5ce49a6 elementor-widget elementor-widget-spacer\" data-id=\"5ce49a6\" data-element_type=\"widget\" data-e-type=\"widget\" data-widget_type=\"spacer.default\">\n\t\t\t\t\t\t\t<div class=\"elementor-spacer\">\n\t\t\t<div class=\"elementor-spacer-inner\"><\/div>\n\t\t<\/div>\n\t\t\t\t\t\t<\/div>\n\t\t\t\t\t<\/div>\n\t\t\t\t<\/div>\n\t\t\t\t<\/div>\n\t\t","protected":false},"excerpt":{"rendered":"","protected":false},"author":1,"featured_media":0,"parent":0,"menu_order":0,"comment_status":"closed","ping_status":"closed","template":"elementor_header_footer","meta":{"footnotes":""},"class_list":["post-53","page","type-page","status-publish","hentry"],"_links":{"self":[{"href":"https:\/\/escolaconfessional.com\/index.php?rest_route=\/wp\/v2\/pages\/53","targetHints":{"allow":["GET"]}}],"collection":[{"href":"https:\/\/escolaconfessional.com\/index.php?rest_route=\/wp\/v2\/pages"}],"about":[{"href":"https:\/\/escolaconfessional.com\/index.php?rest_route=\/wp\/v2\/types\/page"}],"author":[{"embeddable":true,"href":"https:\/\/escolaconfessional.com\/index.php?rest_route=\/wp\/v2\/users\/1"}],"replies":[{"embeddable":true,"href":"https:\/\/escolaconfessional.com\/index.php?rest_route=%2Fwp%2Fv2%2Fcomments&post=53"}],"version-history":[{"count":7,"href":"https:\/\/escolaconfessional.com\/index.php?rest_route=\/wp\/v2\/pages\/53\/revisions"}],"predecessor-version":[{"id":552,"href":"https:\/\/escolaconfessional.com\/index.php?rest_route=\/wp\/v2\/pages\/53\/revisions\/552"}],"wp:attachment":[{"href":"https:\/\/escolaconfessional.com\/index.php?rest_route=%2Fwp%2Fv2%2Fmedia&parent=53"}],"curies":[{"name":"wp","href":"https:\/\/api.w.org\/{rel}","templated":true}]}}