{"id":695,"date":"2026-03-05T12:39:26","date_gmt":"2026-03-05T15:39:26","guid":{"rendered":"https:\/\/escolaconfessional.com\/?page_id=695"},"modified":"2026-03-05T13:32:22","modified_gmt":"2026-03-05T16:32:22","slug":"pastoral","status":"publish","type":"page","link":"https:\/\/escolaconfessional.com\/?page_id=695","title":{"rendered":"Pastoral"},"content":{"rendered":"\t\t<div data-elementor-type=\"wp-page\" data-elementor-id=\"695\" class=\"elementor elementor-695\" data-elementor-post-type=\"page\">\n\t\t\t\t<div class=\"elementor-element elementor-element-e1ff966 e-con-full e-flex e-con e-parent\" data-id=\"e1ff966\" data-element_type=\"container\" data-e-type=\"container\">\n\t\t\t\t<div class=\"elementor-element elementor-element-e9575e4 elementor-widget__width-inherit elementor-widget elementor-widget-image\" data-id=\"e9575e4\" data-element_type=\"widget\" data-e-type=\"widget\" data-widget_type=\"image.default\">\n\t\t\t\t\t\t\t\t\t\t\t\t\t\t\t<img fetchpriority=\"high\" decoding=\"async\" width=\"1920\" height=\"780\" src=\"https:\/\/escolaconfessional.com\/wp-content\/uploads\/2026\/03\/Copia-de-BANNER-SITE-.png\" class=\"attachment-full size-full wp-image-699\" alt=\"\" srcset=\"https:\/\/escolaconfessional.com\/wp-content\/uploads\/2026\/03\/Copia-de-BANNER-SITE-.png 1920w, https:\/\/escolaconfessional.com\/wp-content\/uploads\/2026\/03\/Copia-de-BANNER-SITE--300x122.png 300w, https:\/\/escolaconfessional.com\/wp-content\/uploads\/2026\/03\/Copia-de-BANNER-SITE--1024x416.png 1024w, https:\/\/escolaconfessional.com\/wp-content\/uploads\/2026\/03\/Copia-de-BANNER-SITE--768x312.png 768w, https:\/\/escolaconfessional.com\/wp-content\/uploads\/2026\/03\/Copia-de-BANNER-SITE--1536x624.png 1536w\" sizes=\"(max-width: 1920px) 100vw, 1920px\" \/>\t\t\t\t\t\t\t\t\t\t\t\t\t\t\t<\/div>\n\t\t\t\t<\/div>\n\t\t<div class=\"elementor-element elementor-element-f3f42d6 e-con-full e-flex e-con e-parent\" data-id=\"f3f42d6\" data-element_type=\"container\" data-e-type=\"container\" data-settings=\"{&quot;background_background&quot;:&quot;classic&quot;}\">\n\t\t\t\t<div class=\"elementor-element elementor-element-3752535 elementor-widget elementor-widget-text-editor\" data-id=\"3752535\" data-element_type=\"widget\" data-e-type=\"widget\" data-widget_type=\"text-editor.default\">\n\t\t\t\t\t\t\t\t\t<p style=\"padding-left: 80px;\">A Escola oferece encontros e momentos de espiritualidade para abastecimento dos nossos colaboradores e alunos. Estes encontros s\u00e3o realizados semanalmente atrav\u00e9s dos grupos de ora\u00e7\u00e3o. S\u00e3o encontros objetivos com um momento de louvor, prega\u00e7\u00e3o e ora\u00e7\u00e3o, conduzidos pelos pr\u00f3prios alunos, semanalmente no intervalo das aulas.<\/p><p style=\"padding-left: 80px;\"><b>Quarta-feira: Unidade Santa Catarina<\/b><\/p><p style=\"padding-left: 80px;\"><b>Quinta-feira: Unidade S\u00e3o Francisco<\/b><\/p><p style=\"padding-left: 80px;\"><b>Sexta-feira: Unidade Paulo VI<\/b><\/p>\t\t\t\t\t\t\t\t<\/div>\n\t\t\t\t<\/div>\n\t\t<div class=\"elementor-element elementor-element-b740e12 e-con-full e-flex e-con e-parent\" data-id=\"b740e12\" data-element_type=\"container\" data-e-type=\"container\">\n\t\t\t\t<div class=\"elementor-element elementor-element-869a6e9 elementor-widget elementor-widget-image\" data-id=\"869a6e9\" data-element_type=\"widget\" data-e-type=\"widget\" data-widget_type=\"image.default\">\n\t\t\t\t\t\t\t\t\t\t\t\t\t\t\t<img decoding=\"async\" width=\"1920\" height=\"780\" src=\"https:\/\/escolaconfessional.com\/wp-content\/uploads\/2026\/03\/Copia-de-BANNER-SITE-1.png\" class=\"attachment-full size-full wp-image-710\" alt=\"\" srcset=\"https:\/\/escolaconfessional.com\/wp-content\/uploads\/2026\/03\/Copia-de-BANNER-SITE-1.png 1920w, https:\/\/escolaconfessional.com\/wp-content\/uploads\/2026\/03\/Copia-de-BANNER-SITE-1-300x122.png 300w, https:\/\/escolaconfessional.com\/wp-content\/uploads\/2026\/03\/Copia-de-BANNER-SITE-1-1024x416.png 1024w, https:\/\/escolaconfessional.com\/wp-content\/uploads\/2026\/03\/Copia-de-BANNER-SITE-1-768x312.png 768w, https:\/\/escolaconfessional.com\/wp-content\/uploads\/2026\/03\/Copia-de-BANNER-SITE-1-1536x624.png 1536w\" sizes=\"(max-width: 1920px) 100vw, 1920px\" \/>\t\t\t\t\t\t\t\t\t\t\t\t\t\t\t<\/div>\n\t\t\t\t<\/div>\n\t\t<div class=\"elementor-element elementor-element-bd9c860 e-flex e-con-boxed e-con e-parent\" data-id=\"bd9c860\" data-element_type=\"container\" data-e-type=\"container\">\n\t\t\t\t\t<div class=\"e-con-inner\">\n\t\t\t\t<div class=\"elementor-element elementor-element-128bffe elementor-widget elementor-widget-text-editor\" data-id=\"128bffe\" data-element_type=\"widget\" data-e-type=\"widget\" data-widget_type=\"text-editor.default\">\n\t\t\t\t\t\t\t\t\t<p>\u201cA Eucaristia \u00e9 fonte e \u00e1pice da vida crist\u00e3\u201d (LG 11).<\/p><p>A Escola Confessional tem a gra\u00e7a de proporcionar a seus alunos a oportunidade de celebrarem constantemente o mist\u00e9rio salv\u00edfico de Cristo na Santa Missa. <strong>A Unidade Paulo VI tem a celebra\u00e7\u00e3o di\u00e1ria da santa missa por ter a Capela com o Sant\u00edssimo Sacramento.<\/strong> As demais unidades celebram semanalmente.<\/p><p>Contamos ainda com um momento fraterno-celebrativo com a missa das fam\u00edlias que acontece na<strong> primeira quarta-feira do m\u00eas as 20 hs na Unidade Paulo VI<\/strong> onde as fam\u00edlias al\u00e9m de juntos celebrarem, confraternizam ap\u00f3s a santa missa.<\/p><p><strong>Unidade Paulo VI: Segunda a sexta -12hs<\/strong><\/p><p><strong>Unidade Monza: Ter\u00e7a \u2013 12hs<\/strong><\/p><p><strong>Unidade Santa Catarina: Quarta \u2013 12hs<\/strong><\/p><p><strong>Unidade S\u00e3o Francisco de Assis: Quinta \u2013 12hs<\/strong><\/p><p>Anualmente a Escola prepara as fam\u00edlias para a P\u00e1scoa e Natal atrav\u00e9s de dois eventos:<\/p><p>Evento de P\u00e1scoa, o qual tem contado com bel\u00edssimas apresenta\u00e7\u00f5es de nossos alunos encenando a Paix\u00e3o de Cristo, atendimento de confiss\u00f5es e celebra\u00e7\u00e3o da santa missa.<\/p><p>Cantata de Natal: Evento com a apresenta\u00e7\u00e3o de alunos de diversas turmas de todas as Unidades.<\/p>\t\t\t\t\t\t\t\t<\/div>\n\t\t\t\t\t<\/div>\n\t\t\t\t<\/div>\n\t\t<div class=\"elementor-element elementor-element-7113400 e-con-full e-flex e-con e-parent\" data-id=\"7113400\" data-element_type=\"container\" data-e-type=\"container\">\n\t\t\t\t<div class=\"elementor-element elementor-element-87cf930 elementor-widget elementor-widget-image\" data-id=\"87cf930\" data-element_type=\"widget\" data-e-type=\"widget\" data-widget_type=\"image.default\">\n\t\t\t\t\t\t\t\t\t\t\t\t\t\t\t<img decoding=\"async\" width=\"1920\" height=\"780\" src=\"https:\/\/escolaconfessional.com\/wp-content\/uploads\/2026\/03\/Copia-de-BANNER-SITE-2.png\" class=\"attachment-full size-full wp-image-726\" alt=\"\" srcset=\"https:\/\/escolaconfessional.com\/wp-content\/uploads\/2026\/03\/Copia-de-BANNER-SITE-2.png 1920w, https:\/\/escolaconfessional.com\/wp-content\/uploads\/2026\/03\/Copia-de-BANNER-SITE-2-300x122.png 300w, https:\/\/escolaconfessional.com\/wp-content\/uploads\/2026\/03\/Copia-de-BANNER-SITE-2-1024x416.png 1024w, https:\/\/escolaconfessional.com\/wp-content\/uploads\/2026\/03\/Copia-de-BANNER-SITE-2-768x312.png 768w, https:\/\/escolaconfessional.com\/wp-content\/uploads\/2026\/03\/Copia-de-BANNER-SITE-2-1536x624.png 1536w\" sizes=\"(max-width: 1920px) 100vw, 1920px\" \/>\t\t\t\t\t\t\t\t\t\t\t\t\t\t\t<\/div>\n\t\t\t\t<\/div>\n\t\t<div class=\"elementor-element elementor-element-38b2739 e-con-full e-flex e-con e-parent\" data-id=\"38b2739\" data-element_type=\"container\" data-e-type=\"container\">\n\t\t\t\t<div class=\"elementor-element elementor-element-9b24e89 elementor-widget elementor-widget-text-editor\" data-id=\"9b24e89\" data-element_type=\"widget\" data-e-type=\"widget\" data-widget_type=\"text-editor.default\">\n\t\t\t\t\t\t\t\t\t<p style=\"padding-left: 80px;\">Com o intuito de proporcionar a pais, colaboradores e alunos uma experi\u00eancia com o amor de Deus, a Escola Confessional realiza ao longo do ano diversos retiros de evangeliza\u00e7\u00e3o denominado como \u201cConfeca\u201d. S\u00e3o retiros de cunho querigm\u00e1tico, segmentado conforme as devidas faixas et\u00e1rias, com linguagem e abordagem espec\u00edfica de cada realidade.<\/p><p style=\"padding-left: 80px;\"><strong>Confeca kids \u2013 Jardim II ao 4\u00ba ano<\/strong><\/p><p style=\"padding-left: 80px;\"><strong>Confeca teens \u2013 5\u00ba ao 7\u00ba ano<\/strong><\/p><p style=\"padding-left: 80px;\"><strong>Acampa Confeca \u2013 8\u00ba a 3\u00ba s\u00e9rie do Ensino m\u00e9dio<\/strong><\/p><p style=\"padding-left: 80px;\">Anualmente realizamos um retiro para pais, al\u00e9m de iniciarmos as nossas atividades com o Retiro para professores e o Retiro para colaboradores.<\/p><p style=\"padding-left: 80px;\">Na grade escolar nossos alunos possuem o ensino religioso com tem\u00e1tica focada em conte\u00fado b\u00edblico que ao mesmo tempo em que respeita a identidade de alunos permite a intera\u00e7\u00e3o entre os mesmos a partir deste patrim\u00f4nio comum a todos crist\u00e3os que \u00e9 a Palavra de Deus.<\/p>\t\t\t\t\t\t\t\t<\/div>\n\t\t\t\t<\/div>\n\t\t<div class=\"elementor-element elementor-element-f9d20d3 e-flex e-con-boxed e-con e-parent\" data-id=\"f9d20d3\" data-element_type=\"container\" data-e-type=\"container\">\n\t\t\t\t\t<div class=\"e-con-inner\">\n\t\t\t\t<div class=\"elementor-element elementor-element-3deaa0a elementor-widget elementor-widget-spacer\" data-id=\"3deaa0a\" data-element_type=\"widget\" data-e-type=\"widget\" data-widget_type=\"spacer.default\">\n\t\t\t\t\t\t\t<div class=\"elementor-spacer\">\n\t\t\t<div class=\"elementor-spacer-inner\"><\/div>\n\t\t<\/div>\n\t\t\t\t\t\t<\/div>\n\t\t\t\t\t<\/div>\n\t\t\t\t<\/div>\n\t\t\t\t<\/div>\n\t\t","protected":false},"excerpt":{"rendered":"<p>A Escola oferece encontros e momentos de espiritualidade para abastecimento dos nossos colaboradores e alunos. Estes encontros s\u00e3o realizados semanalmente atrav\u00e9s dos grupos de ora\u00e7\u00e3o. S\u00e3o encontros objetivos com um momento de louvor, prega\u00e7\u00e3o e ora\u00e7\u00e3o, conduzidos pelos pr\u00f3prios alunos, semanalmente no intervalo das aulas. Quarta-feira: Unidade Santa Catarina Quinta-feira: Unidade S\u00e3o Francisco Sexta-feira: Unidade [&hellip;]<\/p>\n","protected":false},"author":1,"featured_media":0,"parent":0,"menu_order":0,"comment_status":"closed","ping_status":"closed","template":"elementor_header_footer","meta":{"footnotes":""},"class_list":["post-695","page","type-page","status-publish","hentry"],"_links":{"self":[{"href":"https:\/\/escolaconfessional.com\/index.php?rest_route=\/wp\/v2\/pages\/695","targetHints":{"allow":["GET"]}}],"collection":[{"href":"https:\/\/escolaconfessional.com\/index.php?rest_route=\/wp\/v2\/pages"}],"about":[{"href":"https:\/\/escolaconfessional.com\/index.php?rest_route=\/wp\/v2\/types\/page"}],"author":[{"embeddable":true,"href":"https:\/\/escolaconfessional.com\/index.php?rest_route=\/wp\/v2\/users\/1"}],"replies":[{"embeddable":true,"href":"https:\/\/escolaconfessional.com\/index.php?rest_route=%2Fwp%2Fv2%2Fcomments&post=695"}],"version-history":[{"count":40,"href":"https:\/\/escolaconfessional.com\/index.php?rest_route=\/wp\/v2\/pages\/695\/revisions"}],"predecessor-version":[{"id":742,"href":"https:\/\/escolaconfessional.com\/index.php?rest_route=\/wp\/v2\/pages\/695\/revisions\/742"}],"wp:attachment":[{"href":"https:\/\/escolaconfessional.com\/index.php?rest_route=%2Fwp%2Fv2%2Fmedia&parent=695"}],"curies":[{"name":"wp","href":"https:\/\/api.w.org\/{rel}","templated":true}]}}